{"id":2275,"date":"2023-03-24T16:47:19","date_gmt":"2023-03-24T16:47:19","guid":{"rendered":"https:\/\/toietmoievents.com\/cookies-policy\/"},"modified":"2024-10-15T14:04:40","modified_gmt":"2024-10-15T14:04:40","slug":"cookies-policy","status":"publish","type":"page","link":"https:\/\/toietmoievents.com\/it\/cookies-policy\/","title":{"rendered":"Cookies Policy"},"content":{"rendered":"\t\t<div data-elementor-type=\"wp-page\" data-elementor-id=\"2275\" class=\"elementor elementor-2275 elementor-2251\" data-elementor-post-type=\"page\">\n\t\t\t\t\t\t<section class=\"elementor-section elementor-top-section elementor-element elementor-element-7cc2db9 elementor-section-height-min-height elementor-section-boxed elementor-section-height-default elementor-section-items-middle qodef-elementor-content-no\" data-id=\"7cc2db9\" data-element_type=\"section\" data-settings=\"{&quot;background_background&quot;:&quot;classic&quot;}\">\n\t\t\t\t\t\t<div class=\"elementor-container elementor-column-gap-default\">\n\t\t\t\t\t<div class=\"elementor-column elementor-col-100 elementor-top-column elementor-element elementor-element-cad68d6\" data-id=\"cad68d6\" data-element_type=\"column\">\n\t\t\t<div class=\"elementor-widget-wrap elementor-element-populated\">\n\t\t\t\t\t\t<div class=\"elementor-element elementor-element-a8cb063 elementor-widget elementor-widget-heading\" data-id=\"a8cb063\" data-element_type=\"widget\" data-widget_type=\"heading.default\">\n\t\t\t\t<div class=\"elementor-widget-container\">\n\t\t\t\t\t<h3 class=\"elementor-heading-title elementor-size-default\">Cookies Policy<\/h3>\t\t\t\t<\/div>\n\t\t\t\t<\/div>\n\t\t\t\t\t<\/div>\n\t\t<\/div>\n\t\t\t\t\t<\/div>\n\t\t<\/section>\n\t\t\t\t<section class=\"elementor-section elementor-top-section elementor-element elementor-element-2da2017 elementor-section-boxed elementor-section-height-default elementor-section-height-default qodef-elementor-content-no\" data-id=\"2da2017\" data-element_type=\"section\">\n\t\t\t\t\t\t<div class=\"elementor-container elementor-column-gap-default\">\n\t\t\t\t\t<div class=\"elementor-column elementor-col-100 elementor-top-column elementor-element elementor-element-278aa26\" data-id=\"278aa26\" data-element_type=\"column\">\n\t\t\t<div class=\"elementor-widget-wrap elementor-element-populated\">\n\t\t\t\t\t\t<div class=\"elementor-element elementor-element-3ea3946 elementor-widget elementor-widget-text-editor\" data-id=\"3ea3946\" data-element_type=\"widget\" data-widget_type=\"text-editor.default\">\n\t\t\t\t<div class=\"elementor-widget-container\">\n\t\t\t\t\t\t\t\t\t<p>Un cookie \u00e8 un file che viene scaricato sul tuo computer quando accedi a determinati siti web. I cookie consentono a un sito Web, tra le altre cose, di archiviare e recuperare informazioni sulle abitudini di navigazione di un utente o del suo computer e, a seconda delle informazioni che contengono e del modo in cui utilizzano il computer, possono essere utilizzati per riconoscere l&#8217;utente. I cookie sono essenziali per il funzionamento di Internet, fornendo innumerevoli vantaggi nella fornitura di servizi interattivi, facilitando la navigazione e l&#8217;usabilit\u00e0 del nostro sito web.<\/p><p>Le informazioni fornite di seguito ti aiuteranno a comprendere i diversi tipi di cookie:<\/p><p>A seconda dell&#8217;ente che li gestisce:<\/p><p><em>Cookie propri<\/em><\/p><p>Sono quelli raccolti dall&#8217;editore stesso per fornire il servizio richiesto dall&#8217;utente.<\/p><p><em>Cookie di terze parti<\/em><\/p><p>Sono quelli raccolti e gestiti da terzi, non possono essere considerati propri.<\/p><p>A seconda di quanto tempo rimangono attivi:<\/p><p><em>Cookie di sessione<\/em><\/p><p>Raccogliere dati mentre l&#8217;utente naviga sul web al fine di fornire il servizio richiesto.<\/p><p><em>Cookie persistenti<\/em><\/p><p>Sono memorizzati nel terminale e le informazioni ottenute saranno utilizzate dal responsabile del cookie per fornire il servizio richiesto.<\/p><p>Secondo il loro scopo:<\/p><p><em>Cookie tecnici<\/em><\/p><p>Sono necessari per la corretta navigazione del sito web.<\/p><p><em>Cookie di personalizzazione<\/em><\/p><p>Consentono all&#8217;utente di scegliere le caratteristiche (es. lingua) per la navigazione del sito.<\/p><p><em>Cookie di analisi<\/em><\/p><p>Consentono al provider l&#8217;analisi legata alla navigazione effettuata dall&#8217;utente, al fine di tenere traccia dell&#8217;utilizzo del sito Web, nonch\u00e9 effettuare statistiche sui contenuti pi\u00f9 visitati, sul numero di visitatori, ecc.<\/p><p><em>Cookie pubblicitari<\/em><\/p><p>Questi consentono all&#8217;editore di inserire spazi pubblicitari nel sito web, a seconda del contenuto del sito stesso.<\/p><p><em>Cookie pubblicitari comportamentali<\/em><\/p><p>Questi consentono all&#8217;editore di includere spazi pubblicitari nel sito Web in base alle informazioni ottenute attraverso le abitudini di navigazione dell&#8217;utente.<\/p><p>In conformit\u00e0 con le disposizioni dell&#8217;articolo 22.2 della legge 34\/2002, dell&#8217;11 luglio, sui servizi della societ\u00e0 dell&#8217;informazione e il commercio elettronico (LSSI-CE), WHY NET ti informa sui cookie utilizzati sul nostro sito Web:<\/p><p><em>Cookie propri<\/em> | <em>Cookie di terze parti<\/em>, <em>Cookie persistenti<\/em><\/p><p><em>Cookie tecnici<\/em> | <em>Cookie di terze parti<\/em>, <em>Cookie persistenti<\/em><\/p><p><em>Cookie di personalizzazione<\/em> | <em>Cookie di terze parti<\/em>, <em>Cookie persistenti<\/em><\/p><p><em>Cookie analitici<\/em> | <em>Cookie di terze parti<\/em>, <em>Cookie persistenti<\/em><\/p><p><em>Cookie pubblicitari<\/em> | <em>Cookie di terze parti<\/em>, <em>Cookie persistenti<\/em><\/p><p><em>Cookie pubblicitari comportamentali<\/em> | <em>Cookie di terze parti<\/em>, <em>Cookie persistenti<\/em><\/p><p>\u00a0<\/p><p>Google Analytics<\/p><p>Memorizza i cookie al fine di compilare statistiche sul traffico e sul volume delle visite a questo sito web. Utilizzando questo sito acconsenti al trattamento delle tue informazioni da parte di Google. Pertanto, l&#8217;esercizio di qualsiasi diritto al riguardo dovrebbe avvenire comunicando direttamente con Google. I cookie di Google Analytics sono archiviati su server situati negli Stati Uniti e si impegna a non condividerli con terze parti, salvo ove necessario per il funzionamento del sistema o laddove richiesto dalla legge. Secondo Google, Google non memorizza il tuo indirizzo IP.<\/p><p>Google Inc. \u00e8 una societ\u00e0 Privacy Shield, che garantisce che tutti i dati trasferiti saranno trattati con un livello di protezione conforme agli standard europei. \u00c8 possibile trovare informazioni dettagliate su questo argomento al seguente <span style=\"color: #000000;\"><a style=\"color: #000000;\" href=\"https:\/\/support.google.com\/analytics\/?hl=en&amp;sjid=16739349888259311827-EU#topic=10737980%20.\" data-wplink-url-error=\"true\">link<\/a><\/span>. Se lo desideri, puoi utilizzare il Componente aggiuntivo del browser per la disattivazione di Google Analytics, che ti consente di rifiutare i cookie analitici di Google Analytics in tutti i browser. Puoi trovare maggiori informazioni su questo argomento al seguente <span style=\"color: #000000;\"><a style=\"color: #000000;\" href=\"https:\/\/marketingplatform.google.com\/about\/analytics\/?hl=ca\">link<\/a><\/span><\/p><p>Allo stesso modo, WHY NET informa l&#8217;utente che ha la possibilit\u00e0 di configurare il proprio browser in modo che sia informato della ricezione dei cookie, potendo, se lo desidera, impedirne l&#8217;installazione sul proprio disco rigido. Di seguito forniamo i link ai browser pi\u00f9 diffusi, attraverso i quali \u00e8 possibile effettuare questa configurazione:<\/p><p><em>Firefox<\/em> da <span style=\"color: #000000;\"><a style=\"color: #000000;\" href=\"https:\/\/support.mozilla.org\/en-US\/kb\/clear-cookies-and-site-data-firefox\">qui<\/a><\/span><\/p><p><em>Chrome<\/em> da <a href=\"https:\/\/support.google.com\/chrome\/answer\/95647?hl=en&amp;co=%20GENIE.Platform%3DDesktop\" data-wplink-url-error=\"true\"><span style=\"color: #000000;\">qui<\/span><\/a><\/p><p><em>Microsoft Edge<\/em> da <span style=\"color: #000000;\"><a style=\"color: #000000;\" href=\"https:\/\/support.microsoft.com\/en-us\/windows\/microsoft-edge-browsing-data-and-privacy-bb8174ba-9d73-dcf2-9b4a-c582b4e640dd#:~:text=In%20Microsoft%20Edge%2C%20select%20Settings,and%20then%20select%20Clear%20now.\">qui<\/a><\/span><\/p><p><em>Safari<\/em> da <span style=\"color: #000000;\"><a style=\"color: #000000;\" href=\"https:\/\/support.apple.com\/en-nz\/guide\/safari\/ibrw850f6c51\/mac\">qui<\/a><\/span><\/p><p><em>Opera<\/em> da <span style=\"color: #000000;\"><a style=\"color: #000000;\" href=\"http:\/\/help.opera.com\/Windows\/11.50\/es-ES\/cookies.html\">qui<\/a><\/span><\/p><p>PRIVACY POLICY SOCIAL NETWORKS<\/p><p>In ottemperanza a quanto previsto dalla normativa vigente in materia di protezione dei dati personali (RGPD) e dalla legge 34\/2002, dell&#8217;11 luglio, sui servizi della societ\u00e0 dell&#8217;informazione e il commercio elettronico (LSSI-CE), WHY NET informa gli utenti che ha proceduto alla creazione un profilo sui Social Network Facebook, Twitter, Instagram, LinkedIn e Google+, con lo scopo principale di pubblicizzare i propri prodotti e servizi.<\/p><p>Dettagli di WHY NET:<\/p><p>Codice Fiscale (NIF): 04088030046<\/p><p>INDIRIZZO: Via Giacosa N.1\/A &#8211; 12051 Alba (CN)<\/p><p>E-MAIL: info@toietmoievents.com<\/p><p>DOMINIO WEB: toietmoievents.com<\/p><p>L&#8217;utente ha un profilo sullo stesso Social Network ed ha deciso di aderire alla pagina creata da WHY NET, manifestando cos\u00ec interesse per le informazioni che vengono pubblicizzate sul Network. Iscrivendoti al nostro sito acconsenti al trattamento dei dati personali pubblicati nel tuo profilo.<\/p><p>L&#8217;utente pu\u00f2 accedere in qualsiasi momento alle privacy policy del Social Network, nonch\u00e9 configurare il proprio profilo per garantire la propria privacy.<\/p><p>WHY NET ha accesso ed elabora le informazioni pubbliche dell&#8217;utente, in particolare il suo nome di contatto. Questi dati vengono utilizzati solo all&#8217;interno del Social Network stesso. Non sono incorporati in alcun sistema di elaborazione.<\/p><p>In relazione ai diritti di accesso, rettifica, limitazione del trattamento, cancellazione, portabilit\u00e0 e opposizione al trattamento dei tuoi dati personali di cui sei in possesso e che possono essere esercitati dinanzi a WHY NET, ai sensi del RGPD (regolamento sulla protezione dei dati), \u00e8 necessario tenere conto dei seguenti chiarimenti:<\/p><p>\u00a0<\/p><ul><li>Diritto di accesso: \u00e8 il diritto dell&#8217;utente di ottenere informazioni sui propri dati personali specifici e sul trattamento che \u00e8 stato o sar\u00e0 effettuato, nonch\u00e9 le informazioni disponibili sull&#8217;origine di tali dati e le comunicazioni effettuate o previste per tali dati .<\/li><li>Diritto di rettifica: questo \u00e8 il diritto dell&#8217;interessato di far modificare i dati che si rivelano inesatti o incompleti. Pu\u00f2 essere soddisfatta solo in relazione alle informazioni che sono sotto il controllo di WHY NET, ad esempio, cancellando commenti pubblicati sulla pagina stessa, immagini o contenuti web contenenti dati personali dell&#8217;utente.<\/li><li>Diritto alla limitazione del trattamento: Si tratta del diritto di limitare le finalit\u00e0 del trattamento inizialmente previste dal titolare del trattamento.<\/li><li>Diritto alla cancellazione: il diritto alla cancellazione dei dati personali dell&#8217;utente, salvo quanto previsto dal RGPD (regolamento sulla protezione dei dati) o altra normativa applicabile che determina la conservazione obbligatoria degli stessi, in modo tempestivo.<\/li><li>Diritto alla portabilit\u00e0: Il diritto di ricevere i dati personali che l&#8217;utente ha fornito, in un formato strutturato, di uso comune e leggibile da dispositivo automatico, e di trasmetterli ad un altro titolare del trattamento.<\/li><li>Diritto di opposizione: \u00e8 il diritto dell&#8217;utente a non far trattare i propri dati personali oa far cessare il trattamento di tali dati da parte di WHY NET.<\/li><\/ul><p>WHY NET svolger\u00e0 le seguenti azioni:<\/p><p>&#8211; Accesso alle informazioni pubbliche del profilo.<\/p><p>&#8211; Pubblicazione nel profilo dell&#8217;utente di tutte le informazioni gi\u00e0 pubblicate sul sito WHY NET.<\/p><p>&#8211; Invio di messaggi personali e individuali attraverso i canali del Social Network.<\/p><p>&#8211; Aggiornamento dello stato della pagina che verr\u00e0 pubblicata nel profilo dell&#8217;utente.<\/p><p>\u00a0<\/p><p>Puoi sempre controllare le tue connessioni, rimuovere i contenuti che non ti interessano pi\u00f9 e limitare le persone con cui condividi le tue connessioni accedendo alle tue impostazioni sulla privacy.<\/p><p>\u00a0<\/p><p><em>Pubblicazioni<\/em><\/p><p>Una volta che l&#8217;utente si \u00e8 registrato alla pagina di WHY NET, potr\u00e0 pubblicare commenti, link, immagini o fotografie o qualsiasi altro tipo di contenuto multimediale supportato dal Social Network. L&#8217;utente, in ogni caso, deve esserne titolare, detenerne i diritti d&#8217;autore e di propriet\u00e0 intellettuale o disporre del consenso dei terzi interessati. \u00c8 espressamente vietata qualsiasi pubblicazione sul sito, siano essi testi, grafica, fotografie, video, ecc., che violino o possano violare la morale, l&#8217;etica, il buon gusto o il decoro, e\/o ledano, violino o violino i diritti della propriet\u00e0 intellettuale o industriale, del diritto all&#8217;immagine o della legge. In questi casi, WHY NET si riserva il diritto di rimuovere immediatamente il contenuto, e pu\u00f2 richiedere il blocco permanente dell&#8217;utente.<\/p><p>WHY NET non \u00e8 responsabile dei contenuti liberamente pubblicati da un utente.<\/p><p>L&#8217;utente deve tener conto che le sue pubblicazioni saranno conosciute da altri utenti, quindi lui stesso \u00e8 il principale responsabile della sua privacy.<\/p><p>Le immagini eventualmente pubblicate sulla pagina non verranno memorizzate in alcun sistema di elaborazione da parte di WHY NET, ma rimarranno nel Social Network.<\/p><p>\u00a0<\/p><p><em>Concorsi e promozioni<\/em><\/p><p>WHY NET si riserva il diritto di realizzare concorsi e promozioni, ai quali pu\u00f2 partecipare l&#8217;utente collegato alla sua pagina. I termini e le condizioni di ciascuno di essi, qualora la piattaforma di Social Network venga utilizzata a tal fine, saranno ivi pubblicati. Rispettare in ogni momento la LSSI-CE e le altre normative applicabili.<\/p><p>Il Social Network non sponsorizza, avalla o amministra in alcun modo nessuna delle nostre promozioni, n\u00e9 \u00e8 associato ad alcuna di esse.<\/p><p>\u00a0<\/p><p><em>Pubblicit\u00e0<\/em><\/p><p>WHY NET utilizzer\u00e0 il Social Network per pubblicizzare i propri prodotti e servizi, in ogni caso, qualora decidesse di utilizzare i tuoi dati di contatto per svolgere azioni di prospezione commerciale diretta, lo far\u00e0 sempre rispettando i requisiti legali del RGPD (regolamento sulla protezione dei dati ) e LSSI-CE.<\/p><p>Non \u00e8 considerata pubblicit\u00e0 consigliare il sito WHY NET ad altri utenti affinch\u00e9 anch&#8217;essi possano godere di promozioni o essere informati della sua attivit\u00e0.<\/p><p>\u00a0<\/p><p>Di seguito il link alla privacy policy del Social Network:<\/p><p>\u00a0<\/p><ul><li><span style=\"color: #000000;\"><a style=\"color: #000000;\" href=\"https:\/\/www.facebook.com\/help\/search?helpref=search&amp;query=%20privacy%20policy&amp;is_typeahead=false\">Meta(Facebook)<\/a><\/span><\/li><li><span style=\"color: #000000;\"><a style=\"color: #000000;\" href=\"https:\/\/twitter.com\/en\/privacy\">Twitter<\/a><\/span><\/li><li><span style=\"color: #000000;\"><a style=\"color: #000000;\" href=\"http:\/\/:https:\/\/instagram.com\/about\/legal\/privacy\/\" data-wplink-url-error=\"true\">Instagram<\/a><\/span><\/li><li><span style=\"color: #000000;\"><a style=\"color: #000000;\" href=\"https:\/\/www.linkedin.com\/legal\/privacy-policy?trk=hb_ft_priv\">Linkedin<\/a><\/span><\/li><li><span style=\"color: #000000;\"><a style=\"color: #000000;\" href=\"https:\/\/www.google.com\/intl\/en\/policies\/privacy\/\">Google +<\/a><\/span><\/li><\/ul>\t\t\t\t\t\t\t\t<\/div>\n\t\t\t\t<\/div>\n\t\t\t\t\t<\/div>\n\t\t<\/div>\n\t\t\t\t\t<\/div>\n\t\t<\/section>\n\t\t\t\t<\/div>\n\t\t","protected":false},"excerpt":{"rendered":"<p>Cookies Policy Un cookie \u00e8 un file che viene scaricato sul tuo computer quando accedi a determinati siti web. I cookie consentono a un sito Web, tra le altre cose, di archiviare e recuperare informazioni sulle abitudini di navigazione di un utente o del suo computer e, a seconda delle informazioni che contengono e del [&hellip;]<\/p>\n","protected":false},"author":1,"featured_media":0,"parent":0,"menu_order":0,"comment_status":"closed","ping_status":"closed","template":"","meta":{"_acf_changed":false,"_joinchat":[],"footnotes":""},"class_list":["post-2275","page","type-page","status-publish","hentry"],"acf":[],"yoast_head":"<!-- This site is optimized with the Yoast SEO plugin v27.5 - https:\/\/yoast.com\/product\/yoast-seo-wordpress\/ -->\n<title>Cookies Policy - Toi et Moi Events<\/title>\n<meta name=\"robots\" content=\"index, follow, max-snippet:-1, max-image-preview:large, max-video-preview:-1\" \/>\n<link rel=\"canonical\" href=\"https:\/\/toietmoievents.com\/it\/cookies-policy\/\" \/>\n<meta property=\"og:locale\" content=\"it_IT\" \/>\n<meta property=\"og:type\" content=\"article\" \/>\n<meta property=\"og:title\" content=\"Cookies Policy - Toi et Moi Events\" \/>\n<meta property=\"og:description\" content=\"Cookies Policy Un cookie \u00e8 un file che viene scaricato sul tuo computer quando accedi a determinati siti web. I cookie consentono a un sito Web, tra le altre cose, di archiviare e recuperare informazioni sulle abitudini di navigazione di un utente o del suo computer e, a seconda delle informazioni che contengono e del [&hellip;]\" \/>\n<meta property=\"og:url\" content=\"https:\/\/toietmoievents.com\/it\/cookies-policy\/\" \/>\n<meta property=\"og:site_name\" content=\"Toi et Moi Events\" \/>\n<meta property=\"article:modified_time\" content=\"2024-10-15T14:04:40+00:00\" \/>\n<meta name=\"twitter:card\" content=\"summary_large_image\" \/>\n<meta name=\"twitter:label1\" content=\"Tempo di lettura stimato\" \/>\n\t<meta name=\"twitter:data1\" content=\"8 minuti\" \/>\n<script type=\"application\/ld+json\" class=\"yoast-schema-graph\">{\"@context\":\"https:\\\/\\\/schema.org\",\"@graph\":[{\"@type\":\"WebPage\",\"@id\":\"https:\\\/\\\/toietmoievents.com\\\/it\\\/cookies-policy\\\/\",\"url\":\"https:\\\/\\\/toietmoievents.com\\\/it\\\/cookies-policy\\\/\",\"name\":\"Cookies Policy - Toi et Moi Events\",\"isPartOf\":{\"@id\":\"https:\\\/\\\/toietmoievents.com\\\/it\\\/#website\"},\"datePublished\":\"2023-03-24T16:47:19+00:00\",\"dateModified\":\"2024-10-15T14:04:40+00:00\",\"breadcrumb\":{\"@id\":\"https:\\\/\\\/toietmoievents.com\\\/it\\\/cookies-policy\\\/#breadcrumb\"},\"inLanguage\":\"it-IT\",\"potentialAction\":[{\"@type\":\"ReadAction\",\"target\":[\"https:\\\/\\\/toietmoievents.com\\\/it\\\/cookies-policy\\\/\"]}]},{\"@type\":\"BreadcrumbList\",\"@id\":\"https:\\\/\\\/toietmoievents.com\\\/it\\\/cookies-policy\\\/#breadcrumb\",\"itemListElement\":[{\"@type\":\"ListItem\",\"position\":1,\"name\":\"Home\",\"item\":\"https:\\\/\\\/toietmoievents.com\\\/it\\\/homepage\\\/\"},{\"@type\":\"ListItem\",\"position\":2,\"name\":\"Cookies Policy\"}]},{\"@type\":\"WebSite\",\"@id\":\"https:\\\/\\\/toietmoievents.com\\\/it\\\/#website\",\"url\":\"https:\\\/\\\/toietmoievents.com\\\/it\\\/\",\"name\":\"Toi et Moi Events\",\"description\":\"Wedding and Events\",\"potentialAction\":[{\"@type\":\"SearchAction\",\"target\":{\"@type\":\"EntryPoint\",\"urlTemplate\":\"https:\\\/\\\/toietmoievents.com\\\/it\\\/?s={search_term_string}\"},\"query-input\":{\"@type\":\"PropertyValueSpecification\",\"valueRequired\":true,\"valueName\":\"search_term_string\"}}],\"inLanguage\":\"it-IT\"}]}<\/script>\n<!-- \/ Yoast SEO plugin. -->","yoast_head_json":{"title":"Cookies Policy - Toi et Moi Events","robots":{"index":"index","follow":"follow","max-snippet":"max-snippet:-1","max-image-preview":"max-image-preview:large","max-video-preview":"max-video-preview:-1"},"canonical":"https:\/\/toietmoievents.com\/it\/cookies-policy\/","og_locale":"it_IT","og_type":"article","og_title":"Cookies Policy - Toi et Moi Events","og_description":"Cookies Policy Un cookie \u00e8 un file che viene scaricato sul tuo computer quando accedi a determinati siti web. I cookie consentono a un sito Web, tra le altre cose, di archiviare e recuperare informazioni sulle abitudini di navigazione di un utente o del suo computer e, a seconda delle informazioni che contengono e del [&hellip;]","og_url":"https:\/\/toietmoievents.com\/it\/cookies-policy\/","og_site_name":"Toi et Moi Events","article_modified_time":"2024-10-15T14:04:40+00:00","twitter_card":"summary_large_image","twitter_misc":{"Tempo di lettura stimato":"8 minuti"},"schema":{"@context":"https:\/\/schema.org","@graph":[{"@type":"WebPage","@id":"https:\/\/toietmoievents.com\/it\/cookies-policy\/","url":"https:\/\/toietmoievents.com\/it\/cookies-policy\/","name":"Cookies Policy - Toi et Moi Events","isPartOf":{"@id":"https:\/\/toietmoievents.com\/it\/#website"},"datePublished":"2023-03-24T16:47:19+00:00","dateModified":"2024-10-15T14:04:40+00:00","breadcrumb":{"@id":"https:\/\/toietmoievents.com\/it\/cookies-policy\/#breadcrumb"},"inLanguage":"it-IT","potentialAction":[{"@type":"ReadAction","target":["https:\/\/toietmoievents.com\/it\/cookies-policy\/"]}]},{"@type":"BreadcrumbList","@id":"https:\/\/toietmoievents.com\/it\/cookies-policy\/#breadcrumb","itemListElement":[{"@type":"ListItem","position":1,"name":"Home","item":"https:\/\/toietmoievents.com\/it\/homepage\/"},{"@type":"ListItem","position":2,"name":"Cookies Policy"}]},{"@type":"WebSite","@id":"https:\/\/toietmoievents.com\/it\/#website","url":"https:\/\/toietmoievents.com\/it\/","name":"Toi et Moi Events","description":"Wedding and Events","potentialAction":[{"@type":"SearchAction","target":{"@type":"EntryPoint","urlTemplate":"https:\/\/toietmoievents.com\/it\/?s={search_term_string}"},"query-input":{"@type":"PropertyValueSpecification","valueRequired":true,"valueName":"search_term_string"}}],"inLanguage":"it-IT"}]}},"_links":{"self":[{"href":"https:\/\/toietmoievents.com\/it\/wp-json\/wp\/v2\/pages\/2275","targetHints":{"allow":["GET"]}}],"collection":[{"href":"https:\/\/toietmoievents.com\/it\/wp-json\/wp\/v2\/pages"}],"about":[{"href":"https:\/\/toietmoievents.com\/it\/wp-json\/wp\/v2\/types\/page"}],"author":[{"embeddable":true,"href":"https:\/\/toietmoievents.com\/it\/wp-json\/wp\/v2\/users\/1"}],"replies":[{"embeddable":true,"href":"https:\/\/toietmoievents.com\/it\/wp-json\/wp\/v2\/comments?post=2275"}],"version-history":[{"count":12,"href":"https:\/\/toietmoievents.com\/it\/wp-json\/wp\/v2\/pages\/2275\/revisions"}],"predecessor-version":[{"id":3693,"href":"https:\/\/toietmoievents.com\/it\/wp-json\/wp\/v2\/pages\/2275\/revisions\/3693"}],"wp:attachment":[{"href":"https:\/\/toietmoievents.com\/it\/wp-json\/wp\/v2\/media?parent=2275"}],"curies":[{"name":"wp","href":"https:\/\/api.w.org\/{rel}","templated":true}]}}