{"id":1363,"date":"2022-09-29T14:10:59","date_gmt":"2022-09-29T14:10:59","guid":{"rendered":"http:\/\/toietmoievents.com\/services\/wedding-planning\/"},"modified":"2023-11-15T20:14:06","modified_gmt":"2023-11-15T20:14:06","slug":"wedding-planning","status":"publish","type":"page","link":"https:\/\/toietmoievents.com\/it\/servizi\/wedding-planning\/","title":{"rendered":"Wedding planning"},"content":{"rendered":"\t\t<div data-elementor-type=\"wp-page\" data-elementor-id=\"1363\" class=\"elementor elementor-1363 elementor-416\" data-elementor-post-type=\"page\">\n\t\t\t\t\t\t<section class=\"elementor-section elementor-top-section elementor-element elementor-element-28f558e elementor-section-height-min-height elementor-section-boxed elementor-section-height-default elementor-section-items-middle qodef-elementor-content-no\" data-id=\"28f558e\" data-element_type=\"section\" data-settings=\"{&quot;background_background&quot;:&quot;classic&quot;}\">\n\t\t\t\t\t\t<div class=\"elementor-container elementor-column-gap-default\">\n\t\t\t\t\t<div class=\"elementor-column elementor-col-100 elementor-top-column elementor-element elementor-element-c9f51ee\" data-id=\"c9f51ee\" data-element_type=\"column\">\n\t\t\t<div class=\"elementor-widget-wrap elementor-element-populated\">\n\t\t\t\t\t\t<div class=\"elementor-element elementor-element-37125d7 elementor-widget elementor-widget-heading\" data-id=\"37125d7\" data-element_type=\"widget\" data-widget_type=\"heading.default\">\n\t\t\t\t<div class=\"elementor-widget-container\">\n\t\t\t\t\t<h3 class=\"elementor-heading-title elementor-size-default\">Services &gt; Wedding planning<\/h3>\t\t\t\t<\/div>\n\t\t\t\t<\/div>\n\t\t\t\t\t<\/div>\n\t\t<\/div>\n\t\t\t\t\t<\/div>\n\t\t<\/section>\n\t\t\t\t<section class=\"elementor-section elementor-top-section elementor-element elementor-element-f9a6ae4 elementor-section-height-min-height elementor-section-content-middle elementor-section-boxed elementor-section-height-default elementor-section-items-middle qodef-elementor-content-no\" data-id=\"f9a6ae4\" data-element_type=\"section\">\n\t\t\t\t\t\t<div class=\"elementor-container elementor-column-gap-default\">\n\t\t\t\t\t<div class=\"elementor-column elementor-col-100 elementor-top-column elementor-element elementor-element-9ed106c\" data-id=\"9ed106c\" data-element_type=\"column\">\n\t\t\t<div class=\"elementor-widget-wrap elementor-element-populated\">\n\t\t\t\t\t\t<div class=\"elementor-element elementor-element-e1641f1 elementor-widget elementor-widget-text-editor\" data-id=\"e1641f1\" data-element_type=\"widget\" data-widget_type=\"text-editor.default\">\n\t\t\t\t<div class=\"elementor-widget-container\">\n\t\t\t\t\t\t\t\t\t<p>Ho detto s\u00ec! E adesso?<br \/>Adesso \u00e8 dove la parte migliore ha inizio! Goditi solo il meglio del tuo matrimonio in Italia, vi offriamo un <strong>servizio di consulenza completo<\/strong> che vi accompagner\u00e0 passo a passo durante tutto il processo di pianificazione.<\/p>\n<p>Saremo il vostro <strong>unico riferimento<\/strong>, dalla pianificazione iniziale alla creazione del progetto di design, dalla stesura del budget alla <strong>scelta della migliore location e dei migliori fornitori<\/strong>, ci occuperemo del coordinamento di tutti gli attori coinvolti e saremo la vostra agenda personale.<\/p>\n<p><strong>Lavoriamo in tutta Italia<\/strong> e grazie alla nostra esperienza nel settore degli eventi, negli anni abbiamo avuto l\u2019occasione di conoscere le pi\u00f9 meravigliose location presenti in Italia e consolidare una rete di <strong>fornitori selezionati di altissima qualit\u00e0<\/strong>.<\/p>\n<p>Curiamo ogni progetto partendo da voi, <strong>\u00e8 il vostro giorno e sarete voi a decidere ogni cosa<\/strong>! Il nostro obiettivo \u00e8 <strong>realizzare un evento che vi rispecchi<\/strong> e che vi <strong>ricorderete per sempre<\/strong>. Per questo abbiamo sviluppato tre soluzioni che potrete scegliere in base alle vostre esigenze:<\/p>\n\t\t\t\t\t\t\t\t<\/div>\n\t\t\t\t<\/div>\n\t\t\t\t\t<\/div>\n\t\t<\/div>\n\t\t\t\t\t<\/div>\n\t\t<\/section>\n\t\t\t\t<section class=\"elementor-section elementor-top-section elementor-element elementor-element-a85109f elementor-section-full_width elementor-section-content-middle elementor-section-height-default elementor-section-height-default qodef-elementor-content-no\" data-id=\"a85109f\" data-element_type=\"section\" data-settings=\"{&quot;background_background&quot;:&quot;classic&quot;}\">\n\t\t\t\t\t\t<div class=\"elementor-container elementor-column-gap-default\">\n\t\t\t\t\t<div class=\"elementor-column elementor-col-50 elementor-top-column elementor-element elementor-element-743f754\" data-id=\"743f754\" data-element_type=\"column\" data-settings=\"{&quot;background_background&quot;:&quot;classic&quot;}\">\n\t\t\t<div class=\"elementor-widget-wrap elementor-element-populated\">\n\t\t\t\t\t\t<div class=\"elementor-element elementor-element-22a333f elementor-widget elementor-widget-spacer\" data-id=\"22a333f\" data-element_type=\"widget\" data-widget_type=\"spacer.default\">\n\t\t\t\t<div class=\"elementor-widget-container\">\n\t\t\t\t\t\t\t<div class=\"elementor-spacer\">\n\t\t\t<div class=\"elementor-spacer-inner\"><\/div>\n\t\t<\/div>\n\t\t\t\t\t\t<\/div>\n\t\t\t\t<\/div>\n\t\t\t\t\t<\/div>\n\t\t<\/div>\n\t\t\t\t<div class=\"elementor-column elementor-col-50 elementor-top-column elementor-element elementor-element-ac9503f\" data-id=\"ac9503f\" data-element_type=\"column\">\n\t\t\t<div class=\"elementor-widget-wrap elementor-element-populated\">\n\t\t\t\t\t\t<div class=\"elementor-element elementor-element-47f0f48 elementor-invisible elementor-widget elementor-widget-heading\" data-id=\"47f0f48\" data-element_type=\"widget\" data-settings=\"{&quot;_animation&quot;:&quot;fadeInUp&quot;}\" data-widget_type=\"heading.default\">\n\t\t\t\t<div class=\"elementor-widget-container\">\n\t\t\t\t\t<h2 class=\"elementor-heading-title elementor-size-default\">T&amp;M <br> RELAX<\/h2>\t\t\t\t<\/div>\n\t\t\t\t<\/div>\n\t\t\t\t<div class=\"elementor-element elementor-element-11fd79f elementor-widget elementor-widget-text-editor\" data-id=\"11fd79f\" data-element_type=\"widget\" data-widget_type=\"text-editor.default\">\n\t\t\t\t<div class=\"elementor-widget-container\">\n\t\t\t\t\t\t\t\t\t<p>Tutto ci\u00f2 che sapete \u00e8 che volete sposarvi con l\u2019amore della vostra vita in Italia? Bene, questo \u00e8 il nostro servizio di wedding planning completo, che vi guider\u00e0 dal vostro fidanzamento fino al termine dei festeggiamenti. Nessun timore, nessuna ansia, solo il piacere di godervi al massimo il vostro miglior giorno.<\/p>\n\t\t\t\t\t\t\t\t<\/div>\n\t\t\t\t<\/div>\n\t\t\t\t<div class=\"elementor-element elementor-element-7e16f00 elementor-widget elementor-widget-text-editor\" data-id=\"7e16f00\" data-element_type=\"widget\" data-widget_type=\"text-editor.default\">\n\t\t\t\t<div class=\"elementor-widget-container\">\n\t\t\t\t\t\t\t\t\t<p>Avete gi\u00e0 la location o magari avete gi\u00e0 definito gran parte del progetto? Il nostro servizio di wedding planning \u00e8 personalizzabile e potete scegliere ci\u00f2 di cui avete bisogno \u00e0 la carte, la soluzione migliore che offriamo \u00e8 quella che fa per voi.<\/p>\n\t\t\t\t\t\t\t\t<\/div>\n\t\t\t\t<\/div>\n\t\t\t\t\t<\/div>\n\t\t<\/div>\n\t\t\t\t\t<\/div>\n\t\t<\/section>\n\t\t\t\t<section class=\"elementor-section elementor-top-section elementor-element elementor-element-ffbdc06 elementor-section-full_width elementor-reverse-mobile elementor-section-height-default elementor-section-height-default qodef-elementor-content-no\" data-id=\"ffbdc06\" data-element_type=\"section\" data-settings=\"{&quot;background_background&quot;:&quot;classic&quot;}\">\n\t\t\t\t\t\t<div class=\"elementor-container elementor-column-gap-default\">\n\t\t\t\t\t<div class=\"elementor-column elementor-col-50 elementor-top-column elementor-element elementor-element-4e05f23\" data-id=\"4e05f23\" data-element_type=\"column\">\n\t\t\t<div class=\"elementor-widget-wrap elementor-element-populated\">\n\t\t\t\t\t\t<div class=\"elementor-element elementor-element-1fe563b elementor-invisible elementor-widget elementor-widget-heading\" data-id=\"1fe563b\" data-element_type=\"widget\" data-settings=\"{&quot;_animation&quot;:&quot;fadeInUp&quot;}\" data-widget_type=\"heading.default\">\n\t\t\t\t<div class=\"elementor-widget-container\">\n\t\t\t\t\t<h2 class=\"elementor-heading-title elementor-size-default\">T&amp;M <br> CONSULTING<\/h2>\t\t\t\t<\/div>\n\t\t\t\t<\/div>\n\t\t\t\t<div class=\"elementor-element elementor-element-436c6fa elementor-widget elementor-widget-text-editor\" data-id=\"436c6fa\" data-element_type=\"widget\" data-widget_type=\"text-editor.default\">\n\t\t\t\t<div class=\"elementor-widget-container\">\n\t\t\t\t\t\t\t\t\t<p>non avete idea di come iniziare ma sapete che volete fare tutto da soli? Ci\u00f2 che vi serve \u00e8 la guida di un professionista! Attraverso il nostro servizio di consulenza vi forniremo le basi per organizzare al meglio il vostro matrimonio. Riceverete una guida e molti materiali che vi saranno utili in tutto il processo! <\/p>\n\t\t\t\t\t\t\t\t<\/div>\n\t\t\t\t<\/div>\n\t\t\t\t<div class=\"elementor-element elementor-element-8c425cd elementor-widget elementor-widget-text-editor\" data-id=\"8c425cd\" data-element_type=\"widget\" data-widget_type=\"text-editor.default\">\n\t\t\t\t<div class=\"elementor-widget-container\">\n\t\t\t\t\t\t\t\t\t<p>Siete gi\u00e0 nel pieno dei preparativi, ma avete un dubbio che vi preoccupa? Siete soltanto alla ricerca di un\u2019ispirazione che vi aiuti a rendere unico il vostro matrimonio?<\/p>\n\t\t\t\t\t\t\t\t<\/div>\n\t\t\t\t<\/div>\n\t\t\t\t<div class=\"elementor-element elementor-element-124c121 elementor-widget elementor-widget-text-editor\" data-id=\"124c121\" data-element_type=\"widget\" data-widget_type=\"text-editor.default\">\n\t\t\t\t<div class=\"elementor-widget-container\">\n\t\t\t\t\t\t\t\t\t<p>Allora il nostro servizio di consulenza SOS \u00e8 esattamente ci\u00f2 che fa al caso vostro, risolvendo un problema isolato o suggerendo un tocco unico al vostro evento.<\/p>\n\t\t\t\t\t\t\t\t<\/div>\n\t\t\t\t<\/div>\n\t\t\t\t\t<\/div>\n\t\t<\/div>\n\t\t\t\t<div class=\"elementor-column elementor-col-50 elementor-top-column elementor-element elementor-element-6e7ed3b\" data-id=\"6e7ed3b\" data-element_type=\"column\" data-settings=\"{&quot;background_background&quot;:&quot;classic&quot;}\">\n\t\t\t<div class=\"elementor-widget-wrap elementor-element-populated\">\n\t\t\t\t\t\t<div class=\"elementor-element elementor-element-9f435a0 elementor-widget elementor-widget-spacer\" data-id=\"9f435a0\" data-element_type=\"widget\" data-widget_type=\"spacer.default\">\n\t\t\t\t<div class=\"elementor-widget-container\">\n\t\t\t\t\t\t\t<div class=\"elementor-spacer\">\n\t\t\t<div class=\"elementor-spacer-inner\"><\/div>\n\t\t<\/div>\n\t\t\t\t\t\t<\/div>\n\t\t\t\t<\/div>\n\t\t\t\t\t<\/div>\n\t\t<\/div>\n\t\t\t\t\t<\/div>\n\t\t<\/section>\n\t\t\t\t<section class=\"elementor-section elementor-top-section elementor-element elementor-element-1957966 elementor-section-full_width elementor-section-content-middle elementor-section-height-default elementor-section-height-default qodef-elementor-content-no\" data-id=\"1957966\" data-element_type=\"section\" data-settings=\"{&quot;background_background&quot;:&quot;classic&quot;}\">\n\t\t\t\t\t\t<div class=\"elementor-container elementor-column-gap-default\">\n\t\t\t\t\t<div class=\"elementor-column elementor-col-50 elementor-top-column elementor-element elementor-element-ad35691\" data-id=\"ad35691\" data-element_type=\"column\" data-settings=\"{&quot;background_background&quot;:&quot;classic&quot;}\">\n\t\t\t<div class=\"elementor-widget-wrap elementor-element-populated\">\n\t\t\t\t\t\t<div class=\"elementor-element elementor-element-4886eff elementor-widget elementor-widget-spacer\" data-id=\"4886eff\" data-element_type=\"widget\" data-widget_type=\"spacer.default\">\n\t\t\t\t<div class=\"elementor-widget-container\">\n\t\t\t\t\t\t\t<div class=\"elementor-spacer\">\n\t\t\t<div class=\"elementor-spacer-inner\"><\/div>\n\t\t<\/div>\n\t\t\t\t\t\t<\/div>\n\t\t\t\t<\/div>\n\t\t\t\t\t<\/div>\n\t\t<\/div>\n\t\t\t\t<div class=\"elementor-column elementor-col-50 elementor-top-column elementor-element elementor-element-48764b5\" data-id=\"48764b5\" data-element_type=\"column\">\n\t\t\t<div class=\"elementor-widget-wrap elementor-element-populated\">\n\t\t\t\t\t\t<div class=\"elementor-element elementor-element-2469aa4 elementor-invisible elementor-widget elementor-widget-heading\" data-id=\"2469aa4\" data-element_type=\"widget\" data-settings=\"{&quot;_animation&quot;:&quot;fadeInUp&quot;}\" data-widget_type=\"heading.default\">\n\t\t\t\t<div class=\"elementor-widget-container\">\n\t\t\t\t\t<h2 class=\"elementor-heading-title elementor-size-default\">T&amp;M <br> SOS<\/h2>\t\t\t\t<\/div>\n\t\t\t\t<\/div>\n\t\t\t\t<div class=\"elementor-element elementor-element-311116b elementor-widget elementor-widget-text-editor\" data-id=\"311116b\" data-element_type=\"widget\" data-widget_type=\"text-editor.default\">\n\t\t\t\t<div class=\"elementor-widget-container\">\n\t\t\t\t\t\t\t\t\t<p>Il giorno del vostro matrimonio si avvicina e all\u2019improvviso vi sentite presi dal panico pensando a tutte le responsabilit\u00e0 che avrete quel giorno? Cercate qualcuno che possa occuparsi per voi della coordinazione dei fornitori e di tutto ci\u00f2 che vi preoccupa?<\/p>\n\t\t\t\t\t\t\t\t<\/div>\n\t\t\t\t<\/div>\n\t\t\t\t<div class=\"elementor-element elementor-element-aeebcb7 elementor-widget elementor-widget-text-editor\" data-id=\"aeebcb7\" data-element_type=\"widget\" data-widget_type=\"text-editor.default\">\n\t\t\t\t<div class=\"elementor-widget-container\">\n\t\t\t\t\t\t\t\t\t<p>Vi offriamo una soluzione last minute davvero perfetta per questi casi, vi affiancheremo un mese prima del matrimonio e vi aiuteremo a definire il programma, gli allestimenti e le scalette per i fornitori. In occasione del grande giorno saremo noi a coordinare tutti i fornitori coinvolti e a curare i dettagli dell\u2019evento cos\u00ec che voi possiate vivere solo il meglio del giorno pi\u00f9 bello della vostra vita.<\/p>\n\t\t\t\t\t\t\t\t<\/div>\n\t\t\t\t<\/div>\n\t\t\t\t\t<\/div>\n\t\t<\/div>\n\t\t\t\t\t<\/div>\n\t\t<\/section>\n\t\t\t\t<section class=\"elementor-section elementor-top-section elementor-element elementor-element-ce1e2ce elementor-section-boxed elementor-section-height-default elementor-section-height-default qodef-elementor-content-no\" data-id=\"ce1e2ce\" data-element_type=\"section\">\n\t\t\t\t\t\t<div class=\"elementor-container elementor-column-gap-default\">\n\t\t\t\t\t<div class=\"elementor-column elementor-col-100 elementor-top-column elementor-element elementor-element-852666b\" data-id=\"852666b\" data-element_type=\"column\">\n\t\t\t<div class=\"elementor-widget-wrap elementor-element-populated\">\n\t\t\t\t\t\t<div class=\"elementor-element elementor-element-31d316c elementor-mobile-align-center elementor-align-center elementor-widget elementor-widget-button\" data-id=\"31d316c\" data-element_type=\"widget\" data-widget_type=\"button.default\">\n\t\t\t\t<div class=\"elementor-widget-container\">\n\t\t\t\t\t\t\t\t\t<div class=\"elementor-button-wrapper\">\n\t\t\t\t\t<a class=\"elementor-button elementor-button-link elementor-size-sm\" href=\"https:\/\/toietmoievents.com\/it\/contatti\/\">\n\t\t\t\t\t\t<span class=\"elementor-button-content-wrapper\">\n\t\t\t\t\t\t\t\t\t<span class=\"elementor-button-text\">Contatta ora la tua wedding planner italiana<\/span>\n\t\t\t\t\t<\/span>\n\t\t\t\t\t<\/a>\n\t\t\t\t<\/div>\n\t\t\t\t\t\t\t\t<\/div>\n\t\t\t\t<\/div>\n\t\t\t\t\t<\/div>\n\t\t<\/div>\n\t\t\t\t\t<\/div>\n\t\t<\/section>\n\t\t\t\t<section class=\"elementor-section elementor-top-section elementor-element elementor-element-2258fa7 elementor-section-full_width elementor-section-height-default elementor-section-height-default qodef-elementor-content-no\" data-id=\"2258fa7\" data-element_type=\"section\" data-settings=\"{&quot;background_background&quot;:&quot;classic&quot;}\">\n\t\t\t\t\t\t<div class=\"elementor-container elementor-column-gap-default\">\n\t\t\t\t\t<div class=\"elementor-column elementor-col-50 elementor-top-column elementor-element elementor-element-c6d80b9\" data-id=\"c6d80b9\" data-element_type=\"column\">\n\t\t\t<div class=\"elementor-widget-wrap elementor-element-populated\">\n\t\t\t\t\t\t<div class=\"elementor-element elementor-element-24f6f18 elementor-invisible elementor-widget elementor-widget-heading\" data-id=\"24f6f18\" data-element_type=\"widget\" data-settings=\"{&quot;_animation&quot;:&quot;fadeInUp&quot;}\" data-widget_type=\"heading.default\">\n\t\t\t\t<div class=\"elementor-widget-container\">\n\t\t\t\t\t<h2 class=\"elementor-heading-title elementor-size-default\">Instagram<\/h2>\t\t\t\t<\/div>\n\t\t\t\t<\/div>\n\t\t\t\t<div class=\"elementor-element elementor-element-877336c elementor-invisible elementor-widget elementor-widget-heading\" data-id=\"877336c\" data-element_type=\"widget\" data-settings=\"{&quot;_animation&quot;:&quot;fadeInUp&quot;}\" data-widget_type=\"heading.default\">\n\t\t\t\t<div class=\"elementor-widget-container\">\n\t\t\t\t\t<h6 class=\"elementor-heading-title elementor-size-default\">GUARDA I NOSTRI LAVORI<\/h6>\t\t\t\t<\/div>\n\t\t\t\t<\/div>\n\t\t\t\t\t<\/div>\n\t\t<\/div>\n\t\t\t\t<div class=\"elementor-column elementor-col-50 elementor-top-column elementor-element elementor-element-5ffc15f\" data-id=\"5ffc15f\" data-element_type=\"column\">\n\t\t\t<div class=\"elementor-widget-wrap elementor-element-populated\">\n\t\t\t\t\t\t<div class=\"elementor-element elementor-element-481d254 elementor-widget elementor-widget-shortcode\" data-id=\"481d254\" data-element_type=\"widget\" data-widget_type=\"shortcode.default\">\n\t\t\t\t<div class=\"elementor-widget-container\">\n\t\t\t\t\t\t\t<div class=\"elementor-shortcode\"><\/div>\n\t\t\t\t\t\t<\/div>\n\t\t\t\t<\/div>\n\t\t\t\t\t<\/div>\n\t\t<\/div>\n\t\t\t\t\t<\/div>\n\t\t<\/section>\n\t\t\t\t<\/div>\n\t\t","protected":false},"excerpt":{"rendered":"<p>Services &gt; Wedding planning Ho detto s\u00ec! E adesso?Adesso \u00e8 dove la parte migliore ha inizio! Goditi solo il meglio del tuo matrimonio in Italia, vi offriamo un servizio di consulenza completo che vi accompagner\u00e0 passo a passo durante tutto il processo di pianificazione. Saremo il vostro unico riferimento, dalla pianificazione iniziale alla creazione del [&hellip;]<\/p>\n","protected":false},"author":1,"featured_media":0,"parent":1343,"menu_order":0,"comment_status":"closed","ping_status":"closed","template":"elementor_header_footer","meta":{"_acf_changed":false,"_joinchat":[],"footnotes":""},"class_list":["post-1363","page","type-page","status-publish","hentry"],"acf":[],"yoast_head":"<!-- This site is optimized with the Yoast SEO plugin v27.5 - https:\/\/yoast.com\/product\/yoast-seo-wordpress\/ -->\n<title>Wedding planning - Toi et Moi Events<\/title>\n<meta name=\"description\" content=\"Scelta della migliore location e dei migliori fornitori di matrimoni di alta qualit\u00e0, consulenza full service e unico punto di riferimento.\" \/>\n<meta name=\"robots\" content=\"index, follow, max-snippet:-1, max-image-preview:large, max-video-preview:-1\" \/>\n<link rel=\"canonical\" href=\"https:\/\/toietmoievents.com\/it\/servizi\/wedding-planning\/\" \/>\n<meta property=\"og:locale\" content=\"it_IT\" \/>\n<meta property=\"og:type\" content=\"article\" \/>\n<meta property=\"og:title\" content=\"Wedding planning - Toi et Moi Events\" \/>\n<meta property=\"og:description\" content=\"Scelta della migliore location e dei migliori fornitori di matrimoni di alta qualit\u00e0, consulenza full service e unico punto di riferimento.\" \/>\n<meta property=\"og:url\" content=\"https:\/\/toietmoievents.com\/it\/servizi\/wedding-planning\/\" \/>\n<meta property=\"og:site_name\" content=\"Toi et Moi Events\" \/>\n<meta property=\"article:modified_time\" content=\"2023-11-15T20:14:06+00:00\" \/>\n<meta name=\"twitter:card\" content=\"summary_large_image\" \/>\n<meta name=\"twitter:label1\" content=\"Tempo di lettura stimato\" \/>\n\t<meta name=\"twitter:data1\" content=\"3 minuti\" \/>\n<script type=\"application\/ld+json\" class=\"yoast-schema-graph\">{\"@context\":\"https:\\\/\\\/schema.org\",\"@graph\":[{\"@type\":\"WebPage\",\"@id\":\"https:\\\/\\\/toietmoievents.com\\\/it\\\/servizi\\\/wedding-planning\\\/\",\"url\":\"https:\\\/\\\/toietmoievents.com\\\/it\\\/servizi\\\/wedding-planning\\\/\",\"name\":\"Wedding planning - Toi et Moi Events\",\"isPartOf\":{\"@id\":\"https:\\\/\\\/toietmoievents.com\\\/it\\\/#website\"},\"datePublished\":\"2022-09-29T14:10:59+00:00\",\"dateModified\":\"2023-11-15T20:14:06+00:00\",\"description\":\"Scelta della migliore location e dei migliori fornitori di matrimoni di alta qualit\u00e0, consulenza full service e unico punto di riferimento.\",\"breadcrumb\":{\"@id\":\"https:\\\/\\\/toietmoievents.com\\\/it\\\/servizi\\\/wedding-planning\\\/#breadcrumb\"},\"inLanguage\":\"it-IT\",\"potentialAction\":[{\"@type\":\"ReadAction\",\"target\":[\"https:\\\/\\\/toietmoievents.com\\\/it\\\/servizi\\\/wedding-planning\\\/\"]}]},{\"@type\":\"BreadcrumbList\",\"@id\":\"https:\\\/\\\/toietmoievents.com\\\/it\\\/servizi\\\/wedding-planning\\\/#breadcrumb\",\"itemListElement\":[{\"@type\":\"ListItem\",\"position\":1,\"name\":\"Home\",\"item\":\"https:\\\/\\\/toietmoievents.com\\\/it\\\/homepage\\\/\"},{\"@type\":\"ListItem\",\"position\":2,\"name\":\"Servizi\",\"item\":\"https:\\\/\\\/toietmoievents.com\\\/it\\\/servizi\\\/\"},{\"@type\":\"ListItem\",\"position\":3,\"name\":\"Wedding planning\"}]},{\"@type\":\"WebSite\",\"@id\":\"https:\\\/\\\/toietmoievents.com\\\/it\\\/#website\",\"url\":\"https:\\\/\\\/toietmoievents.com\\\/it\\\/\",\"name\":\"Toi et Moi Events\",\"description\":\"Wedding and Events\",\"potentialAction\":[{\"@type\":\"SearchAction\",\"target\":{\"@type\":\"EntryPoint\",\"urlTemplate\":\"https:\\\/\\\/toietmoievents.com\\\/it\\\/?s={search_term_string}\"},\"query-input\":{\"@type\":\"PropertyValueSpecification\",\"valueRequired\":true,\"valueName\":\"search_term_string\"}}],\"inLanguage\":\"it-IT\"}]}<\/script>\n<!-- \/ Yoast SEO plugin. -->","yoast_head_json":{"title":"Wedding planning - Toi et Moi Events","description":"Scelta della migliore location e dei migliori fornitori di matrimoni di alta qualit\u00e0, consulenza full service e unico punto di riferimento.","robots":{"index":"index","follow":"follow","max-snippet":"max-snippet:-1","max-image-preview":"max-image-preview:large","max-video-preview":"max-video-preview:-1"},"canonical":"https:\/\/toietmoievents.com\/it\/servizi\/wedding-planning\/","og_locale":"it_IT","og_type":"article","og_title":"Wedding planning - Toi et Moi Events","og_description":"Scelta della migliore location e dei migliori fornitori di matrimoni di alta qualit\u00e0, consulenza full service e unico punto di riferimento.","og_url":"https:\/\/toietmoievents.com\/it\/servizi\/wedding-planning\/","og_site_name":"Toi et Moi Events","article_modified_time":"2023-11-15T20:14:06+00:00","twitter_card":"summary_large_image","twitter_misc":{"Tempo di lettura stimato":"3 minuti"},"schema":{"@context":"https:\/\/schema.org","@graph":[{"@type":"WebPage","@id":"https:\/\/toietmoievents.com\/it\/servizi\/wedding-planning\/","url":"https:\/\/toietmoievents.com\/it\/servizi\/wedding-planning\/","name":"Wedding planning - Toi et Moi Events","isPartOf":{"@id":"https:\/\/toietmoievents.com\/it\/#website"},"datePublished":"2022-09-29T14:10:59+00:00","dateModified":"2023-11-15T20:14:06+00:00","description":"Scelta della migliore location e dei migliori fornitori di matrimoni di alta qualit\u00e0, consulenza full service e unico punto di riferimento.","breadcrumb":{"@id":"https:\/\/toietmoievents.com\/it\/servizi\/wedding-planning\/#breadcrumb"},"inLanguage":"it-IT","potentialAction":[{"@type":"ReadAction","target":["https:\/\/toietmoievents.com\/it\/servizi\/wedding-planning\/"]}]},{"@type":"BreadcrumbList","@id":"https:\/\/toietmoievents.com\/it\/servizi\/wedding-planning\/#breadcrumb","itemListElement":[{"@type":"ListItem","position":1,"name":"Home","item":"https:\/\/toietmoievents.com\/it\/homepage\/"},{"@type":"ListItem","position":2,"name":"Servizi","item":"https:\/\/toietmoievents.com\/it\/servizi\/"},{"@type":"ListItem","position":3,"name":"Wedding planning"}]},{"@type":"WebSite","@id":"https:\/\/toietmoievents.com\/it\/#website","url":"https:\/\/toietmoievents.com\/it\/","name":"Toi et Moi Events","description":"Wedding and Events","potentialAction":[{"@type":"SearchAction","target":{"@type":"EntryPoint","urlTemplate":"https:\/\/toietmoievents.com\/it\/?s={search_term_string}"},"query-input":{"@type":"PropertyValueSpecification","valueRequired":true,"valueName":"search_term_string"}}],"inLanguage":"it-IT"}]}},"_links":{"self":[{"href":"https:\/\/toietmoievents.com\/it\/wp-json\/wp\/v2\/pages\/1363","targetHints":{"allow":["GET"]}}],"collection":[{"href":"https:\/\/toietmoievents.com\/it\/wp-json\/wp\/v2\/pages"}],"about":[{"href":"https:\/\/toietmoievents.com\/it\/wp-json\/wp\/v2\/types\/page"}],"author":[{"embeddable":true,"href":"https:\/\/toietmoievents.com\/it\/wp-json\/wp\/v2\/users\/1"}],"replies":[{"embeddable":true,"href":"https:\/\/toietmoievents.com\/it\/wp-json\/wp\/v2\/comments?post=1363"}],"version-history":[{"count":16,"href":"https:\/\/toietmoievents.com\/it\/wp-json\/wp\/v2\/pages\/1363\/revisions"}],"predecessor-version":[{"id":3438,"href":"https:\/\/toietmoievents.com\/it\/wp-json\/wp\/v2\/pages\/1363\/revisions\/3438"}],"up":[{"embeddable":true,"href":"https:\/\/toietmoievents.com\/it\/wp-json\/wp\/v2\/pages\/1343"}],"wp:attachment":[{"href":"https:\/\/toietmoievents.com\/it\/wp-json\/wp\/v2\/media?parent=1363"}],"curies":[{"name":"wp","href":"https:\/\/api.w.org\/{rel}","templated":true}]}}